{"id":956,"date":"2022-02-01T19:40:46","date_gmt":"2022-02-01T18:40:46","guid":{"rendered":"https:\/\/p-fh.de\/wordpress\/?page_id=956"},"modified":"2022-02-01T20:36:25","modified_gmt":"2022-02-01T19:36:25","slug":"fc1","status":"publish","type":"page","link":"https:\/\/p-fh.de\/wordpress\/fc1\/","title":{"rendered":"Petras Ferienhaus"},"content":{"rendered":"<p>Unser ehemaliges Ferienhaus im Cuxland Ferienpark in Dorum Neufeld, welches Petra von Ihrer Mutter geerbt hat.<br \/>\nWir haben viele sch\u00f6ne Urlaube dort verbringen d\u00fcrfen.<br \/>\nIm April 2021 haben wir es an die neuen Eigent\u00fcmer in gute H\u00e4nde \u00fcbergeben.<\/p>\n<p><img decoding=\"async\" loading=\"lazy\" class=\"alignnone size-medium wp-image-747\" src=\"https:\/\/p-fh.de\/wordpress\/wp-content\/uploads\/2022\/01\/IMG_1731-300x169.jpg\" alt=\"Unser Hausschild\" width=\"300\" height=\"169\" srcset=\"https:\/\/p-fh.de\/wordpress\/wp-content\/uploads\/2022\/01\/IMG_1731-300x169.jpg 300w, https:\/\/p-fh.de\/wordpress\/wp-content\/uploads\/2022\/01\/IMG_1731-1024x576.jpg 1024w, https:\/\/p-fh.de\/wordpress\/wp-content\/uploads\/2022\/01\/IMG_1731-768x432.jpg 768w, https:\/\/p-fh.de\/wordpress\/wp-content\/uploads\/2022\/01\/IMG_1731-1536x864.jpg 1536w, https:\/\/p-fh.de\/wordpress\/wp-content\/uploads\/2022\/01\/IMG_1731-2048x1152.jpg 2048w\" sizes=\"(max-width: 300px) 100vw, 300px\" \/><\/p>\n<p>Das war unser Wursti auf der Robbenplate 6 in Dorum Neufeld.<\/p>\n","protected":false},"excerpt":{"rendered":"<p>Unser ehemaliges Ferienhaus im Cuxland Ferienpark in Dorum Neufeld, welches Petra von Ihrer Mutter geerbt hat. Wir haben viele sch\u00f6ne Urlaube dort verbringen d\u00fcrfen. Im April 2021 haben wir es an die neuen Eigent\u00fcmer in gute H\u00e4nde \u00fcbergeben. Das war unser Wursti auf der Robbenplate 6 in Dorum Neufeld.<\/p>\n","protected":false},"author":1,"featured_media":748,"parent":0,"menu_order":0,"comment_status":"closed","ping_status":"closed","template":"","meta":[],"_links":{"self":[{"href":"https:\/\/p-fh.de\/wordpress\/wp-json\/wp\/v2\/pages\/956"}],"collection":[{"href":"https:\/\/p-fh.de\/wordpress\/wp-json\/wp\/v2\/pages"}],"about":[{"href":"https:\/\/p-fh.de\/wordpress\/wp-json\/wp\/v2\/types\/page"}],"author":[{"embeddable":true,"href":"https:\/\/p-fh.de\/wordpress\/wp-json\/wp\/v2\/users\/1"}],"replies":[{"embeddable":true,"href":"https:\/\/p-fh.de\/wordpress\/wp-json\/wp\/v2\/comments?post=956"}],"version-history":[{"count":3,"href":"https:\/\/p-fh.de\/wordpress\/wp-json\/wp\/v2\/pages\/956\/revisions"}],"predecessor-version":[{"id":967,"href":"https:\/\/p-fh.de\/wordpress\/wp-json\/wp\/v2\/pages\/956\/revisions\/967"}],"wp:featuredmedia":[{"embeddable":true,"href":"https:\/\/p-fh.de\/wordpress\/wp-json\/wp\/v2\/media\/748"}],"wp:attachment":[{"href":"https:\/\/p-fh.de\/wordpress\/wp-json\/wp\/v2\/media?parent=956"}],"curies":[{"name":"wp","href":"https:\/\/api.w.org\/{rel}","templated":true}]}}